{"id":106,"date":"2026-01-29T09:50:44","date_gmt":"2026-01-29T09:50:44","guid":{"rendered":"https:\/\/www.simbadetscamping.com\/?page_id=106"},"modified":"2026-01-29T09:50:45","modified_gmt":"2026-01-29T09:50:45","slug":"sasongspersonal-camping","status":"publish","type":"page","link":"https:\/\/www.simbadetscamping.com\/en\/jobba-hos-oss\/sasongspersonal-camping\/","title":{"rendered":"S\u00e4songspersonal camping"},"content":{"rendered":"<h3 class=\"wp-block-heading\">S\u00e4songsarbetare till v\u00e5ra campingar sommaren 2026<\/h3>\n\n\n\n<p>Vill du ha ett varierande sommarjobb d\u00e4r ingen dag \u00e4r den andra lik?<br>Nu s\u00f6ker vi&nbsp;<strong>s\u00e4songsarbetare till v\u00e5ra campingar<\/strong>&nbsp;inf\u00f6r sommars\u00e4songen.<\/p>\n\n\n\n<p>Hos oss blir du en viktig del av g\u00e4sternas semesterupplevelse \u2013 med arbete i en h\u00e4rlig milj\u00f6 och ett team som hj\u00e4lps \u00e5t.<\/p>\n\n\n\n<h3 class=\"wp-block-heading\">About us<\/h3>\n\n\n\n<p>Ascensio is a small, expansive company driven by creating experiences and memories. Our businesses are located where nature, tranquility, adventure and culture meet. <strong>Vi tror starkt p\u00e5 att den b\u00e4sta g\u00e4stupplevelsen skapas n\u00e4r v\u00e5ra medarbetare trivs, k\u00e4nner engagemang och har roligt p\u00e5 jobbet.<\/strong><\/p>\n\n\n\n<h3 class=\"wp-block-heading\">Work tasks<\/h3>\n\n\n\n<p>Arbetsuppgifterna varierar beroende p\u00e5 dag och camping, men kan bland annat best\u00e5 av:<\/p>\n\n\n\n<ul class=\"wp-block-list\">\n<li>Reception, g\u00e4stservice och butik<\/li>\n\n\n\n<li>Vissa st\u00e4duppgifter<\/li>\n\n\n\n<li>Viss tr\u00e4dg\u00e5rdssk\u00f6tsel<\/li>\n\n\n\n<li>Enklare underh\u00e5llsarbete av fastighet<\/li>\n\n\n\n<li>P\u00e5\u00a0<strong>Simbadet<\/strong>\u00a0ing\u00e5r \u00e4ven arbete i foodtrucken\u00a0<strong>Br\u00e4nnst\u00e5let<\/strong>\u00a0\u2013 b\u00e5de i k\u00f6k och med servering<\/li>\n<\/ul>\n\n\n\n<p>Samt andra uppgifter som kan f\u00f6rekomma p\u00e5 en camping.<\/p>\n\n\n\n<h3 class=\"wp-block-heading\">Vi s\u00f6ker dig som<\/h3>\n\n\n\n<ul class=\"wp-block-list\">\n<li>Is\u00a0<strong>18 \u00e5r eller \u00e4ldre<\/strong><\/li>\n\n\n\n<li>Gillar att arbeta med service och m\u00f6ta m\u00e4nniskor<\/li>\n\n\n\n<li>\u00c4r flexibel, ansvarstagande och trivs med varierande arbetsuppgifter<\/li>\n\n\n\n<li>Kan arbeta b\u00e5de sj\u00e4lvst\u00e4ndigt och i team<\/li>\n<\/ul>\n\n\n\n<h3 class=\"wp-block-heading\">Meriterande<\/h3>\n\n\n\n<ul class=\"wp-block-list\">\n<li>Erfarenhet av serviceyrken eller relevant utbildning<\/li>\n\n\n\n<li>K\u00f6rkort<\/li>\n<\/ul>\n\n\n\n<p>Vi erbjuder ett roligt och omv\u00e4xlande sommarjobb i en naturn\u00e4ra milj\u00f6, med m\u00f6jlighet att utvecklas inom service och turism.<\/p>\n\n\n\n<p>\ud83d\udccd\u00a0<strong>Arbetsplats:<\/strong>\u00a0\u00d6sterbybruk och \u00d6sthammar<br>\ud83d\udcc5\u00a0<strong>Anst\u00e4llningsform:<\/strong>\u00a0S\u00e4songsanst\u00e4llning<\/p>\n\n\n\n<p>\ud83d\udc49\u00a0<strong>V\u00e4lkommen med din ans\u00f6kan<\/strong> <strong>till jobb@ascensioab.se<\/strong><\/p>\n\n\n\n<p><\/p>","protected":false},"excerpt":{"rendered":"<p>S\u00e4songsarbetare till v\u00e5ra campingar sommaren 2026 Vill du ha ett varierande sommarjobb d\u00e4r ingen dag \u00e4r den andra lik?Nu s\u00f6ker vi&nbsp;s\u00e4songsarbetare till v\u00e5ra campingar&nbsp;inf\u00f6r sommars\u00e4songen. Hos oss blir du en [&hellip;]<\/p>","protected":false},"author":1,"featured_media":0,"parent":91,"menu_order":0,"comment_status":"closed","ping_status":"closed","template":"","meta":{"_EventAllDay":false,"_EventTimezone":"","_EventStartDate":"","_EventEndDate":"","_EventStartDateUTC":"","_EventEndDateUTC":"","_EventShowMap":false,"_EventShowMapLink":false,"_EventURL":"","_EventCost":"","_EventCostDescription":"","_EventCurrencySymbol":"","_EventCurrencyCode":"","_EventCurrencyPosition":"","_EventDateTimeSeparator":"","_EventTimeRangeSeparator":"","_EventOrganizerID":[],"_EventVenueID":[],"_OrganizerEmail":"","_OrganizerPhone":"","_OrganizerWebsite":"","_VenueAddress":"","_VenueCity":"","_VenueCountry":"","_VenueProvince":"","_VenueState":"","_VenueZip":"","_VenuePhone":"","_VenueURL":"","_VenueStateProvince":"","_VenueLat":"","_VenueLng":"","_VenueShowMap":false,"_VenueShowMapLink":false,"footnotes":""},"class_list":["post-106","page","type-page","status-publish","hentry"],"aioseo_notices":[],"_links":{"self":[{"href":"https:\/\/www.simbadetscamping.com\/en\/wp-json\/wp\/v2\/pages\/106","targetHints":{"allow":["GET"]}}],"collection":[{"href":"https:\/\/www.simbadetscamping.com\/en\/wp-json\/wp\/v2\/pages"}],"about":[{"href":"https:\/\/www.simbadetscamping.com\/en\/wp-json\/wp\/v2\/types\/page"}],"author":[{"embeddable":true,"href":"https:\/\/www.simbadetscamping.com\/en\/wp-json\/wp\/v2\/users\/1"}],"replies":[{"embeddable":true,"href":"https:\/\/www.simbadetscamping.com\/en\/wp-json\/wp\/v2\/comments?post=106"}],"version-history":[{"count":1,"href":"https:\/\/www.simbadetscamping.com\/en\/wp-json\/wp\/v2\/pages\/106\/revisions"}],"predecessor-version":[{"id":107,"href":"https:\/\/www.simbadetscamping.com\/en\/wp-json\/wp\/v2\/pages\/106\/revisions\/107"}],"up":[{"embeddable":true,"href":"https:\/\/www.simbadetscamping.com\/en\/wp-json\/wp\/v2\/pages\/91"}],"wp:attachment":[{"href":"https:\/\/www.simbadetscamping.com\/en\/wp-json\/wp\/v2\/media?parent=106"}],"curies":[{"name":"wp","href":"https:\/\/api.w.org\/{rel}","templated":true}]}}