{"id":109,"date":"2026-01-29T10:02:10","date_gmt":"2026-01-29T10:02:10","guid":{"rendered":"https:\/\/www.simbadetscamping.com\/?page_id=109"},"modified":"2026-01-29T10:02:11","modified_gmt":"2026-01-29T10:02:11","slug":"location-manager-platschef-till-levande-sommarcampingar-i-osthammars-kommun","status":"publish","type":"page","link":"https:\/\/www.simbadetscamping.com\/en\/jobba-hos-oss\/location-manager-platschef-till-levande-sommarcampingar-i-osthammars-kommun\/","title":{"rendered":"Location Manager \/ Site Manager for vibrant summer campsites in \u00d6sthammar municipality"},"content":{"rendered":"<p>Do you want a key role combining leadership, service and operations in a vibrant summer business?<br>We are now looking for&nbsp;<strong>Location Managers (Site Managers)<\/strong>&nbsp;to our campsites in \u00d6sthammar municipality. One placement at Klacksk\u00e4rs Camping and one placement at Simbadets Camping.&nbsp;<\/p>\n\n\n\n<hr class=\"wp-block-separator has-alpha-channel-opacity\"\/>\n\n\n\n<h3 class=\"wp-block-heading\">About us<\/h3>\n\n\n\n<p>Ascensio is a small, expansive company driven by creating experiences and memories. Our businesses are located where nature, tranquility, adventure and culture meet.<br>We strongly believe that&nbsp;<strong>the best guest experience is created when our employees are happy, engaged and enjoy their work<\/strong>.<\/p>\n\n\n\n<hr class=\"wp-block-separator has-alpha-channel-opacity\"\/>\n\n\n\n<h3 class=\"wp-block-heading\">About the roles<\/h3>\n\n\n\n<p>Sum&nbsp;<strong>Location Manager \/ Site Manager<\/strong>&nbsp;you will have overall responsibility for the daily running of the campsite. The role is operational, varied and responsible.<br>You work closely with management and owners, but with great responsibility in your daily work and good opportunities to influence how the business develops.<\/p>\n\n\n\n<p><strong>Period of employment:<\/strong><br>April-October or as agreed<br>(at least May-August)<\/p>\n\n\n\n<hr class=\"wp-block-separator has-alpha-channel-opacity\"\/>\n\n\n\n<h3 class=\"wp-block-heading\">Work tasks<\/h3>\n\n\n\n<ul class=\"wp-block-list\">\n<li>Operational work in\u00a0<strong>reception and guest services<\/strong><\/li>\n\n\n\n<li><strong>Administration and planning<\/strong>\u00a0of the daily operations<\/li>\n\n\n\n<li><strong>Guidance and coordination responsibilities<\/strong>\u00a0for seasonal staff<\/li>\n\n\n\n<li>Some of them\u00a0<strong>cleaning tasks<\/strong><\/li>\n\n\n\n<li>Ensuring good service, order and comfort for guests<\/li>\n\n\n\n<li>And a range of other tasks related to camping.<\/li>\n<\/ul>\n\n\n\n<p><strong>At the campsite the swimming pool is also included:<\/strong><\/p>\n\n\n\n<ul class=\"wp-block-list\">\n<li>Responsibility for\u00a0<strong>the Br\u00e4nnst\u00e5let restaurant<\/strong>, inclusive:\n<ul class=\"wp-block-list\">\n<li>Kitchen and serving work<\/li>\n\n\n\n<li>The role of\u00a0<strong>serving manager<\/strong><\/li>\n<\/ul>\n<\/li>\n<\/ul>\n\n\n\n<hr class=\"wp-block-separator has-alpha-channel-opacity\"\/>\n\n\n\n<h3 class=\"wp-block-heading\">Working hours<\/h3>\n\n\n\n<p>The work is located in&nbsp;<strong>weekdays, daytime, evenings and weekends<\/strong>.<\/p>\n\n\n\n<hr class=\"wp-block-separator has-alpha-channel-opacity\"\/>\n\n\n\n<h3 class=\"wp-block-heading\">Who are we looking for?<\/h3>\n\n\n\n<p>We are looking for people who:<\/p>\n\n\n\n<ul class=\"wp-block-list\">\n<li>Is\u00a0<strong>self-driven, structured and service-oriented<\/strong><\/li>\n\n\n\n<li>Thriving in a\u00a0<strong>operational leadership role<\/strong>\u00a0where no two days are the same<\/li>\n\n\n\n<li>Experience in service, reception, camping, hospitality or similar service profession<\/li>\n\n\n\n<li>Har\u00a0<strong>B driving license<\/strong>\u00a0(requirement), access to own car is an advantage<\/li>\n\n\n\n<li>Has experience in\u00a0<strong>catering\/kitchen and hospitality responsibilities<\/strong>\u00a0(meritorious for the swimming pool)<\/li>\n<\/ul>\n\n\n\n<hr class=\"wp-block-separator has-alpha-channel-opacity\"\/>\n\n\n\n<h3 class=\"wp-block-heading\">We offer<\/h3>\n\n\n\n<ul class=\"wp-block-list\">\n<li>One\u00a0<strong>responsible and varied work<\/strong>\u00a0in a popular summer activity<\/li>\n\n\n\n<li>Opportunity to influence and develop the business<\/li>\n\n\n\n<li><strong>Salary according to industry standards<\/strong>\u00a0with some scope for individual pay setting<\/li>\n\n\n\n<li><strong>Wellness allowance<\/strong><\/li>\n\n\n\n<li>Access to\u00a0<strong>kayaks, rowing boat, fishing equipment<\/strong>\u00a0and other things that make life meaningful.\u00a0<\/li>\n\n\n\n<li><strong>Possibility of parking space for your own motorhome or caravan is available<\/strong><\/li>\n<\/ul>\n\n\n\n<hr class=\"wp-block-separator has-alpha-channel-opacity\"\/>\n\n\n\n<h3 class=\"wp-block-heading\">This is what our former site manager at Simbadet says.<\/h3>\n\n\n\n<blockquote class=\"wp-block-quote is-layout-flow wp-block-quote-is-layout-flow\">\n<p><em>\u201cThe swimming pool is a fantastic place with great guests and a cozy atmosphere. .<br>The job of site manager is fun and varied, with room for your own ideas and just the right amount of crazy.<br>A big bonus is the people at Ascensio, committed leadership and great colleagues.\u201d<br><\/em><br>- Jennifer, Location Manager at Simbadets Camping 2025<\/p>\n<\/blockquote>\n\n\n\n<hr class=\"wp-block-separator has-alpha-channel-opacity\"\/>\n\n\n\n<h3 class=\"wp-block-heading\">Application form<\/h3>\n\n\n\n<p>Send your application to&nbsp;<strong><a>jobb@ascensioab.se<\/a><\/strong>&nbsp;at the latest&nbsp;<strong>31\/3<\/strong>.<br>Selection is ongoing and positions may be filled before the deadline.<\/p>\n\n\n\n<p>Mark your application Location manager and attach&nbsp;<strong>CV and cover letter<\/strong>.<\/p>\n\n\n\n<p><\/p>","protected":false},"excerpt":{"rendered":"<p>Vill du ha en nyckelroll d\u00e4r du kombinerar ledarskap, service och operativ drift i en levande sommarverksamhet?Vi s\u00f6ker nu&nbsp;Location Managers (Platschefer)&nbsp;till v\u00e5ra campingar i \u00d6sthammars kommun. En placering p\u00e5 Klacksk\u00e4rs [&hellip;]<\/p>","protected":false},"author":1,"featured_media":0,"parent":91,"menu_order":0,"comment_status":"closed","ping_status":"closed","template":"","meta":{"_EventAllDay":false,"_EventTimezone":"","_EventStartDate":"","_EventEndDate":"","_EventStartDateUTC":"","_EventEndDateUTC":"","_EventShowMap":false,"_EventShowMapLink":false,"_EventURL":"","_EventCost":"","_EventCostDescription":"","_EventCurrencySymbol":"","_EventCurrencyCode":"","_EventCurrencyPosition":"","_EventDateTimeSeparator":"","_EventTimeRangeSeparator":"","_EventOrganizerID":[],"_EventVenueID":[],"_OrganizerEmail":"","_OrganizerPhone":"","_OrganizerWebsite":"","_VenueAddress":"","_VenueCity":"","_VenueCountry":"","_VenueProvince":"","_VenueState":"","_VenueZip":"","_VenuePhone":"","_VenueURL":"","_VenueStateProvince":"","_VenueLat":"","_VenueLng":"","_VenueShowMap":false,"_VenueShowMapLink":false,"footnotes":""},"class_list":["post-109","page","type-page","status-publish","hentry"],"aioseo_notices":[],"_links":{"self":[{"href":"https:\/\/www.simbadetscamping.com\/en\/wp-json\/wp\/v2\/pages\/109","targetHints":{"allow":["GET"]}}],"collection":[{"href":"https:\/\/www.simbadetscamping.com\/en\/wp-json\/wp\/v2\/pages"}],"about":[{"href":"https:\/\/www.simbadetscamping.com\/en\/wp-json\/wp\/v2\/types\/page"}],"author":[{"embeddable":true,"href":"https:\/\/www.simbadetscamping.com\/en\/wp-json\/wp\/v2\/users\/1"}],"replies":[{"embeddable":true,"href":"https:\/\/www.simbadetscamping.com\/en\/wp-json\/wp\/v2\/comments?post=109"}],"version-history":[{"count":1,"href":"https:\/\/www.simbadetscamping.com\/en\/wp-json\/wp\/v2\/pages\/109\/revisions"}],"predecessor-version":[{"id":110,"href":"https:\/\/www.simbadetscamping.com\/en\/wp-json\/wp\/v2\/pages\/109\/revisions\/110"}],"up":[{"embeddable":true,"href":"https:\/\/www.simbadetscamping.com\/en\/wp-json\/wp\/v2\/pages\/91"}],"wp:attachment":[{"href":"https:\/\/www.simbadetscamping.com\/en\/wp-json\/wp\/v2\/media?parent=109"}],"curies":[{"name":"wp","href":"https:\/\/api.w.org\/{rel}","templated":true}]}}